{"id":53,"date":"2021-06-23T15:43:02","date_gmt":"2021-06-23T14:43:02","guid":{"rendered":"http:\/\/monizdias.pt\/?page_id=53"},"modified":"2021-07-22T12:33:41","modified_gmt":"2021-07-22T11:33:41","slug":"sobre-nos","status":"publish","type":"page","link":"https:\/\/monizdias.pt\/en\/sobre-nos\/","title":{"rendered":"About Us"},"content":{"rendered":"<div class=\"wp-block-columns is-layout-flex wp-container-core-columns-is-layout-9d6595d7 wp-block-columns-is-layout-flex\">\n<div class=\"wp-block-column is-layout-flow wp-block-column-is-layout-flow\">\n<p>Moniz Dias was formed in 1993 with the objective of designing, manufacturing and implementing graphic guidance systems for interiors and exteriors, in order to facilitate the flow of people in commercial spaces, and thus promote shopping and well-being.<\/p>\n<\/div>\n<\/div>\n\n\n\n<div class=\"wp-block-columns is-layout-flex wp-container-core-columns-is-layout-9d6595d7 wp-block-columns-is-layout-flex\">\n<div class=\"wp-block-column is-layout-flow wp-block-column-is-layout-flow\">\n<div class=\"header-about-us\">\n<img decoding=\"async\" src=\"https:\/\/monizdias.pt\/wp-content\/uploads\/2021\/07\/target.png\">\n<h1> Mission <\/h1> \n<\/div>\n\n\n\n<p>Continue to constantly grow in national and international added value in the modalities of preparation, manufacture and assembly of luminous signs and furniture, standing out for the quality, agility, safety and punctuality of its products and\/or services.<\/p>\n<\/div>\n\n\n\n<div class=\"wp-block-column is-layout-flow wp-block-column-is-layout-flow\">\n<div class=\"header-about-us\">\n<img decoding=\"async\" src=\"https:\/\/monizdias.pt\/wp-content\/uploads\/2021\/07\/qualidade.png\">\n<h1> Quality policy <\/h1> \n<\/div>\n\n\n\n<p>Serving all customers in order to turn their wishes into reality, through quality services.<\/p>\n<\/div>\n<\/div>\n\n\n\n<div class=\"wp-block-columns is-layout-flex wp-container-core-columns-is-layout-9d6595d7 wp-block-columns-is-layout-flex\">\n<div class=\"wp-block-column is-layout-flow wp-block-column-is-layout-flow\">\n<div class=\"header-about-us\">\n<img decoding=\"async\" src=\"https:\/\/monizdias.pt\/wp-content\/uploads\/2021\/07\/valores.png\">\n<h1> Values <\/h1> \n<\/div>\n\n\n\n<p>Trust, rigor, responsibility, excellence, innovation, future orientation.<\/p>\n<\/div>\n\n\n\n<div class=\"wp-block-column is-layout-flow wp-block-column-is-layout-flow\">\n<div class=\"header-about-us\">\n<img decoding=\"async\" src=\"https:\/\/monizdias.pt\/wp-content\/uploads\/2021\/07\/diretrizes.png\">\n<h1> Other Guidelines <\/h1> \n<\/div>\n\n\n\n<p>Cost optimization; increased efficiency; process improvement; elimination of redundancies; safety promotion; protection of the environment; quality assurance of operational performance.<\/p>\n<\/div>\n<\/div>","protected":false},"excerpt":{"rendered":"<p>A Moniz Dias foi formada em 1993 com o objetivo de conceber, fabricar e implementar sistemas gr\u00e1ficos de orienta\u00e7\u00e3o para interiores e exteriores, de modo a facilitar fluxos de pessoas em espa\u00e7os comerciais, e assim promover a compra e o <span class=\"readmore\"><a class=\"more-link\" href=\"https:\/\/monizdias.pt\/en\/sobre-nos\/\">Read More &#8230;<\/a><\/span><\/p>","protected":false},"author":1,"featured_media":54,"parent":0,"menu_order":0,"comment_status":"closed","ping_status":"closed","template":"","meta":{"footnotes":""},"class_list":["post-53","page","type-page","status-publish","has-post-thumbnail","hentry"],"_links":{"self":[{"href":"https:\/\/monizdias.pt\/en\/wp-json\/wp\/v2\/pages\/53","targetHints":{"allow":["GET"]}}],"collection":[{"href":"https:\/\/monizdias.pt\/en\/wp-json\/wp\/v2\/pages"}],"about":[{"href":"https:\/\/monizdias.pt\/en\/wp-json\/wp\/v2\/types\/page"}],"author":[{"embeddable":true,"href":"https:\/\/monizdias.pt\/en\/wp-json\/wp\/v2\/users\/1"}],"replies":[{"embeddable":true,"href":"https:\/\/monizdias.pt\/en\/wp-json\/wp\/v2\/comments?post=53"}],"version-history":[{"count":8,"href":"https:\/\/monizdias.pt\/en\/wp-json\/wp\/v2\/pages\/53\/revisions"}],"predecessor-version":[{"id":293,"href":"https:\/\/monizdias.pt\/en\/wp-json\/wp\/v2\/pages\/53\/revisions\/293"}],"wp:featuredmedia":[{"embeddable":true,"href":"https:\/\/monizdias.pt\/en\/wp-json\/wp\/v2\/media\/54"}],"wp:attachment":[{"href":"https:\/\/monizdias.pt\/en\/wp-json\/wp\/v2\/media?parent=53"}],"curies":[{"name":"wp","href":"https:\/\/api.w.org\/{rel}","templated":true}]}}