{"id":20,"date":"2021-06-23T11:14:27","date_gmt":"2021-06-23T10:14:27","guid":{"rendered":"http:\/\/monizdias.pt\/?page_id=20"},"modified":"2021-11-10T10:08:13","modified_gmt":"2021-11-10T09:08:13","slug":"servicos","status":"publish","type":"page","link":"https:\/\/monizdias.pt\/en\/servicos\/","title":{"rendered":"Services"},"content":{"rendered":"<div class=\"wp-block-columns is-layout-flex wp-container-core-columns-is-layout-9d6595d7 wp-block-columns-is-layout-flex\">\n<div class=\"wp-block-column is-layout-flow wp-block-column-is-layout-flow\">\n<figure class=\"wp-block-image size-large\"><img loading=\"lazy\" decoding=\"async\" width=\"550\" height=\"309\" src=\"https:\/\/monizdias.pt\/wp-content\/uploads\/2021\/06\/ser-pro.jpg\" alt=\"\" class=\"wp-image-21\" srcset=\"https:\/\/monizdias.pt\/wp-content\/uploads\/2021\/06\/ser-pro.jpg 550w, https:\/\/monizdias.pt\/wp-content\/uploads\/2021\/06\/ser-pro-300x169.jpg 300w\" sizes=\"auto, (max-width: 550px) 100vw, 550px\" \/><\/figure>\n<\/div>\n\n\n\n<div class=\"wp-block-column is-vertically-aligned-center is-layout-flow wp-block-column-is-layout-flow\">\n<h2 class=\"wp-block-heading\">Production, Installation and Maintenance<\/h2>\n\n\n\n<p>In addition to production in our factories, we carry out the installation and assembly of projects as well as carry out the necessary maintenance afterwards.<\/p>\n\n\n\n<p>In our projects you can find innovative elements in dimensioning and materials.<\/p>\n<\/div>\n<\/div>\n\n\n\n<div class=\"wp-block-columns is-layout-flex wp-container-core-columns-is-layout-9d6595d7 wp-block-columns-is-layout-flex\">\n<div class=\"wp-block-column is-vertically-aligned-center is-layout-flow wp-block-column-is-layout-flow\">\n<h2 class=\"wp-block-heading\">Technologies<\/h2>\n\n\n\n<p>To develop our work in the various areas demanded by our projects, we count on severel technologies:<\/p>\n\n\n\n<ul class=\"wp-block-list\"><li>Cutting several materials, CNC cutting<\/li><li>Laser engraving<\/li><li>Metal and wood thermolacquering<\/li><li>Surface coating by thermoforming<\/li><\/ul>\n\n\n\n<p><\/p>\n<\/div>\n\n\n\n<div class=\"wp-block-column is-layout-flow wp-block-column-is-layout-flow\">\n<figure class=\"wp-block-image size-large\"><img loading=\"lazy\" decoding=\"async\" width=\"570\" height=\"428\" src=\"https:\/\/monizdias.pt\/wp-content\/uploads\/2021\/06\/Ser1.jpg\" alt=\"\" class=\"wp-image-46\" srcset=\"https:\/\/monizdias.pt\/wp-content\/uploads\/2021\/06\/Ser1.jpg 570w, https:\/\/monizdias.pt\/wp-content\/uploads\/2021\/06\/Ser1-300x225.jpg 300w, https:\/\/monizdias.pt\/wp-content\/uploads\/2021\/06\/Ser1-400x300.jpg 400w\" sizes=\"auto, (max-width: 570px) 100vw, 570px\" \/><\/figure>\n<\/div>\n<\/div>\n\n\n\n<div class=\"wp-block-columns is-layout-flex wp-container-core-columns-is-layout-9d6595d7 wp-block-columns-is-layout-flex\">\n<div class=\"wp-block-column is-layout-flow wp-block-column-is-layout-flow\">\n<figure class=\"wp-block-image size-large\"><img loading=\"lazy\" decoding=\"async\" width=\"490\" height=\"275\" src=\"https:\/\/monizdias.pt\/wp-content\/uploads\/2021\/06\/Ser-IP-2-1.jpg\" alt=\"\" class=\"wp-image-48\" srcset=\"https:\/\/monizdias.pt\/wp-content\/uploads\/2021\/06\/Ser-IP-2-1.jpg 490w, https:\/\/monizdias.pt\/wp-content\/uploads\/2021\/06\/Ser-IP-2-1-300x168.jpg 300w\" sizes=\"auto, (max-width: 490px) 100vw, 490px\" \/><\/figure>\n<\/div>\n\n\n\n<div class=\"wp-block-column is-vertically-aligned-center is-layout-flow wp-block-column-is-layout-flow\">\n<h2 class=\"wp-block-heading\">Private Label<\/h2>\n\n\n\n<p>Created in 2018, the <strong>IronPole<\/strong> has a varied catalog, where all products are designed and produced with detail and attention, ensuring a superior level of quality.<\/p>\n\n\n\n<p>Learn more about IronPole <a href=\"https:\/\/www.google.com\/url?q=https%3A%2F%2Fwww.ironpole.com&amp;sa=D&amp;sntz=1&amp;usg=AFQjCNElRN1P4EhU59XLohTsPK40H3MUsA\" target=\"_blank\" rel=\"noreferrer noopener\">here.<\/a><\/p>\n<\/div>\n<\/div>\n\n\n\n<p><\/p>","protected":false},"excerpt":{"rendered":"<p>Produ\u00e7\u00e3o, Instala\u00e7\u00e3o e Manuten\u00e7\u00e3o Para al\u00e9m da produ\u00e7\u00e3o nas nossas f\u00e1bricas, executamos a instala\u00e7\u00e3o e montagem dos projetos e tamb\u00e9m procedemos posteriormente \u00e0 manuten\u00e7\u00e3o necess\u00e1ria. Nos nossos projetos poder\u00e3o encontrar elementos inovadores em dimensionamento e materiais. Tecnologias Para desenvolver os <span class=\"readmore\"><a class=\"more-link\" href=\"https:\/\/monizdias.pt\/en\/servicos\/\">Read More &#8230;<\/a><\/span><\/p>","protected":false},"author":1,"featured_media":137,"parent":0,"menu_order":0,"comment_status":"closed","ping_status":"closed","template":"","meta":{"footnotes":""},"class_list":["post-20","page","type-page","status-publish","has-post-thumbnail","hentry"],"_links":{"self":[{"href":"https:\/\/monizdias.pt\/en\/wp-json\/wp\/v2\/pages\/20","targetHints":{"allow":["GET"]}}],"collection":[{"href":"https:\/\/monizdias.pt\/en\/wp-json\/wp\/v2\/pages"}],"about":[{"href":"https:\/\/monizdias.pt\/en\/wp-json\/wp\/v2\/types\/page"}],"author":[{"embeddable":true,"href":"https:\/\/monizdias.pt\/en\/wp-json\/wp\/v2\/users\/1"}],"replies":[{"embeddable":true,"href":"https:\/\/monizdias.pt\/en\/wp-json\/wp\/v2\/comments?post=20"}],"version-history":[{"count":8,"href":"https:\/\/monizdias.pt\/en\/wp-json\/wp\/v2\/pages\/20\/revisions"}],"predecessor-version":[{"id":682,"href":"https:\/\/monizdias.pt\/en\/wp-json\/wp\/v2\/pages\/20\/revisions\/682"}],"wp:featuredmedia":[{"embeddable":true,"href":"https:\/\/monizdias.pt\/en\/wp-json\/wp\/v2\/media\/137"}],"wp:attachment":[{"href":"https:\/\/monizdias.pt\/en\/wp-json\/wp\/v2\/media?parent=20"}],"curies":[{"name":"wp","href":"https:\/\/api.w.org\/{rel}","templated":true}]}}