{"id":2,"date":"2021-03-31T17:54:38","date_gmt":"2021-03-31T17:54:38","guid":{"rendered":"http:\/\/monizdias.pt\/?page_id=2"},"modified":"2021-11-10T09:58:44","modified_gmt":"2021-11-10T08:58:44","slug":"sample-page","status":"publish","type":"page","link":"https:\/\/monizdias.pt\/en\/","title":{"rendered":"Homepage"},"content":{"rendered":"<figure class=\"wp-block-image size-large img-home\"><img loading=\"lazy\" decoding=\"async\" width=\"1024\" height=\"672\" src=\"https:\/\/monizdias.pt\/wp-content\/uploads\/2021\/06\/homepage-capa-1024x672.jpg\" alt=\"\" class=\"wp-image-36\" srcset=\"https:\/\/monizdias.pt\/wp-content\/uploads\/2021\/06\/homepage-capa-1024x672.jpg 1024w, https:\/\/monizdias.pt\/wp-content\/uploads\/2021\/06\/homepage-capa-300x197.jpg 300w, https:\/\/monizdias.pt\/wp-content\/uploads\/2021\/06\/homepage-capa-768x504.jpg 768w, https:\/\/monizdias.pt\/wp-content\/uploads\/2021\/06\/homepage-capa-1536x1008.jpg 1536w, https:\/\/monizdias.pt\/wp-content\/uploads\/2021\/06\/homepage-capa.jpg 1600w\" sizes=\"auto, (max-width: 1024px) 100vw, 1024px\" \/><\/figure>\n\n\n\n<div class=\"wp-block-columns is-layout-flex wp-container-core-columns-is-layout-9d6595d7 wp-block-columns-is-layout-flex\">\n<div class=\"wp-block-column is-layout-flow wp-block-column-is-layout-flow\">\n<figure class=\"wp-block-image size-large\"><img loading=\"lazy\" decoding=\"async\" width=\"680\" height=\"510\" src=\"https:\/\/monizdias.pt\/wp-content\/uploads\/2021\/07\/02.jpg\" alt=\"\" class=\"wp-image-156\" srcset=\"https:\/\/monizdias.pt\/wp-content\/uploads\/2021\/07\/02.jpg 680w, https:\/\/monizdias.pt\/wp-content\/uploads\/2021\/07\/02-300x225.jpg 300w, https:\/\/monizdias.pt\/wp-content\/uploads\/2021\/07\/02-16x12.jpg 16w, https:\/\/monizdias.pt\/wp-content\/uploads\/2021\/07\/02-400x300.jpg 400w\" sizes=\"auto, (max-width: 680px) 100vw, 680px\" \/><\/figure>\n<\/div>\n\n\n\n<div class=\"wp-block-column is-vertically-aligned-center is-layout-flow wp-block-column-is-layout-flow\">\n<p class=\"text-1\">With nearly three decades of existence, Moniz Dias combines creativity and innovation in manufacturing with the assembly of unique pieces, making your imagination real. <strong>imagina\u00e7\u00e3o<\/strong>.<\/p>\n\n\n\n<p>Our goal is to present the best product in order to maintain a long-term relationships with our customers.<\/p>\n<\/div>\n<\/div>\n\n\n\n<div class=\"wp-block-columns is-layout-flex wp-container-core-columns-is-layout-9d6595d7 wp-block-columns-is-layout-flex\">\n<div class=\"wp-block-column is-vertically-aligned-center is-layout-flow wp-block-column-is-layout-flow\">\n<p>At Moniz Dias we carry out projects of different scales, meeting the needs of our customers. <\/p>\n\n\n\n<p><\/p>\n\n\n\n<p>You can see some projects carried out by us <a href=\"https:\/\/monizdias.pt\/en\/projetos\/\">here<\/a>.<\/p>\n<\/div>\n\n\n\n<div class=\"wp-block-column is-layout-flow wp-block-column-is-layout-flow\">\n<\/div>\n<\/div>","protected":false},"excerpt":{"rendered":"<p>Com quase tr\u00eas d\u00e9cadas de exist\u00eancia, a Moniz Dias alia a criatividade e a inova\u00e7\u00e3o no fabrico \u00e0 montagem de pe\u00e7as \u00fanicas, tornando real a sua imagina\u00e7\u00e3o. O nosso objetivo \u00e9 apresentar o melhor produto para mantermos rela\u00e7\u00f5es de longa <span class=\"readmore\"><a class=\"more-link\" href=\"https:\/\/monizdias.pt\/en\/\">Read More &#8230;<\/a><\/span><\/p>","protected":false},"author":1,"featured_media":0,"parent":0,"menu_order":0,"comment_status":"closed","ping_status":"open","template":"","meta":{"footnotes":""},"class_list":["post-2","page","type-page","status-publish","hentry"],"_links":{"self":[{"href":"https:\/\/monizdias.pt\/en\/wp-json\/wp\/v2\/pages\/2","targetHints":{"allow":["GET"]}}],"collection":[{"href":"https:\/\/monizdias.pt\/en\/wp-json\/wp\/v2\/pages"}],"about":[{"href":"https:\/\/monizdias.pt\/en\/wp-json\/wp\/v2\/types\/page"}],"author":[{"embeddable":true,"href":"https:\/\/monizdias.pt\/en\/wp-json\/wp\/v2\/users\/1"}],"replies":[{"embeddable":true,"href":"https:\/\/monizdias.pt\/en\/wp-json\/wp\/v2\/comments?post=2"}],"version-history":[{"count":30,"href":"https:\/\/monizdias.pt\/en\/wp-json\/wp\/v2\/pages\/2\/revisions"}],"predecessor-version":[{"id":677,"href":"https:\/\/monizdias.pt\/en\/wp-json\/wp\/v2\/pages\/2\/revisions\/677"}],"wp:attachment":[{"href":"https:\/\/monizdias.pt\/en\/wp-json\/wp\/v2\/media?parent=2"}],"curies":[{"name":"wp","href":"https:\/\/api.w.org\/{rel}","templated":true}]}}